{"id":46,"date":"2021-06-06T21:03:37","date_gmt":"2021-06-06T21:03:37","guid":{"rendered":"https:\/\/najoar.dk\/?page_id=46"},"modified":"2025-07-30T08:26:18","modified_gmt":"2025-07-30T08:26:18","slug":"velkommen-til-najoar","status":"publish","type":"page","link":"https:\/\/najoar.dk\/","title":{"rendered":"Medarbejder med passion for kommunikation og journalistik"},"content":{"rendered":"\n<div style=\"height:100px\" aria-hidden=\"true\" class=\"wp-block-spacer\"><\/div>\n\n\n\n<div class=\"wp-block-columns is-layout-flex wp-container-core-columns-is-layout-9d6595d7 wp-block-columns-is-layout-flex\">\n<div class=\"wp-block-column is-layout-flow wp-block-column-is-layout-flow\" style=\"flex-basis:50%\">\n<figure class=\"wp-block-gallery has-nested-images columns-default is-cropped wp-block-gallery-1 is-layout-flex wp-block-gallery-is-layout-flex\">\n<figure class=\"wp-block-image size-full is-style-rounded\"><img loading=\"lazy\" decoding=\"async\" width=\"502\" height=\"753\" data-id=\"401\" src=\"https:\/\/najoar.dk\/wp-content\/uploads\/2022\/10\/image-1.png\" alt=\"\" class=\"wp-image-401\" srcset=\"https:\/\/najoar.dk\/wp-content\/uploads\/2022\/10\/image-1.png 502w, https:\/\/najoar.dk\/wp-content\/uploads\/2022\/10\/image-1-200x300.png 200w, https:\/\/najoar.dk\/wp-content\/uploads\/2022\/10\/image-1-100x150.png 100w, https:\/\/najoar.dk\/wp-content\/uploads\/2022\/10\/image-1-150x225.png 150w, https:\/\/najoar.dk\/wp-content\/uploads\/2022\/10\/image-1-300x450.png 300w, https:\/\/najoar.dk\/wp-content\/uploads\/2022\/10\/image-1-450x675.png 450w\" sizes=\"auto, (max-width: 502px) 100vw, 502px\" \/><\/figure>\n<\/figure>\n\n\n\n<div style=\"height:14px\" aria-hidden=\"true\" class=\"wp-block-spacer\"><\/div>\n\n\n\n<p class=\"has-text-align-center has-large-font-size\"><em>&#8220;At formidle handler ikke kun om at informere, men om at engagere, inspirere og skabe forst\u00e5else.&#8221;<\/em><\/p>\n<\/div>\n\n\n\n<div class=\"wp-block-column is-layout-flow wp-block-column-is-layout-flow\"><\/div>\n\n\n\n<div class=\"wp-block-column is-layout-flow wp-block-column-is-layout-flow\"><\/div>\n\n\n\n<div class=\"wp-block-column is-layout-flow wp-block-column-is-layout-flow\" style=\"flex-basis:70%\">\n<p style=\"letter-spacing:2px\">Jeg hedder Nadja, og jeg er drevet af formidling \u2013 s\u00e6rligt der, hvor viden skal g\u00f8res forst\u00e5elig, n\u00e6rv\u00e6rende og engagerende. Min faglige baggrund kombinerer en bachelor i historie med kreativ skrivning og en kandidat i journalistik og historie, og netop den kombination af analytisk indsigt og fort\u00e6llende kraft er kernen i det, jeg laver.<\/p>\n\n\n\n<p style=\"letter-spacing:2px\">Gennem mit studie, mine praktikophold og tidligere job har jeg arbejdet med alt fra strategisk kommunikation og sociale medier til historiske fort\u00e6llinger og journalistisk formidling. Jeg trives i krydsfeltet mellem det kreative og det strukturerede \u2013 hvad enten det er i udvikling af kampagner, optimering af interne og eksterne platforme eller produktion af indhold, der g\u00f8r en forskel.<\/p>\n\n\n\n<p style=\"letter-spacing:2px\">Som person er jeg nysgerrig, kan b\u00e5de arbejde selvst\u00e6ndigt og i teams og god til at skabe overblik. Jeg s\u00e6tter en \u00e6re i at finde den rette vinkel, det pr\u00e6cise sprog og den visuelle l\u00f8sning, der f\u00e5r et budskab til at leve. Og s\u00e5 bliver jeg glad, n\u00e5r jeg kan bidrage til et godt arbejdsmilj\u00f8 og f\u00e6llesskab. Derudover f\u00e5r jeg et ekstra energiboost, n\u00e5r jeg taler med mennesker, som har noget p\u00e5 hjertet.<\/p>\n\n\n\n<p class=\"has-text-align-center\" style=\"letter-spacing:2px\">Jeg s\u00f8ger nye muligheder inden for kommunikation og journalistik \u2013 og er altid \u00e5ben for en snak (eller en kop kaffe!) om mulige samarbejder.<\/p>\n<\/div>\n<\/div>\n\n\n\n<div style=\"height:100px\" aria-hidden=\"true\" class=\"wp-block-spacer\"><\/div>\n\n\n\n<p><\/p>\n","protected":false},"excerpt":{"rendered":"<p>&#8220;At formidle handler ikke kun om at informere, men om at engagere, inspirere og skabe forst\u00e5else.&#8221; Jeg hedder Nadja, og jeg er drevet af formidling \u2013 s\u00e6rligt der, hvor viden skal g\u00f8res forst\u00e5elig, n\u00e6rv\u00e6rende og engagerende. Min faglige baggrund kombinerer &hellip;<\/p>\n<p class=\"read-more\"> <a class=\"more-link\" href=\"https:\/\/najoar.dk\/\"> <span class=\"screen-reader-text\">Medarbejder med passion for kommunikation og journalistik<\/span> Read More &raquo;<\/a><\/p>\n","protected":false},"author":1,"featured_media":0,"parent":0,"menu_order":0,"comment_status":"closed","ping_status":"closed","template":"","meta":{"footnotes":""},"class_list":["post-46","page","type-page","status-publish","hentry"],"_links":{"self":[{"href":"https:\/\/najoar.dk\/index.php\/wp-json\/wp\/v2\/pages\/46","targetHints":{"allow":["GET"]}}],"collection":[{"href":"https:\/\/najoar.dk\/index.php\/wp-json\/wp\/v2\/pages"}],"about":[{"href":"https:\/\/najoar.dk\/index.php\/wp-json\/wp\/v2\/types\/page"}],"author":[{"embeddable":true,"href":"https:\/\/najoar.dk\/index.php\/wp-json\/wp\/v2\/users\/1"}],"replies":[{"embeddable":true,"href":"https:\/\/najoar.dk\/index.php\/wp-json\/wp\/v2\/comments?post=46"}],"version-history":[{"count":96,"href":"https:\/\/najoar.dk\/index.php\/wp-json\/wp\/v2\/pages\/46\/revisions"}],"predecessor-version":[{"id":729,"href":"https:\/\/najoar.dk\/index.php\/wp-json\/wp\/v2\/pages\/46\/revisions\/729"}],"wp:attachment":[{"href":"https:\/\/najoar.dk\/index.php\/wp-json\/wp\/v2\/media?parent=46"}],"curies":[{"name":"wp","href":"https:\/\/api.w.org\/{rel}","templated":true}]}}